{"id":2991,"date":"2020-06-29T16:39:27","date_gmt":"2020-06-29T19:39:27","guid":{"rendered":"http:\/\/www.fezer.com.br\/fezerEnglish\/?page_id=2991"},"modified":"2020-09-30T17:16:34","modified_gmt":"2020-09-30T20:16:34","slug":"products","status":"publish","type":"page","link":"https:\/\/www.fezer.com.br\/fezerEnglish\/products\/","title":{"rendered":"Products"},"content":{"rendered":"<p>[vc_row css=&#8221;.vc_custom_1551448166014{padding-top: 70px !important;padding-bottom: 70px !important;}&#8221;][vc_column][vc_custom_heading text=&#8221;PRODUCTS&#8221; font_container=&#8221;tag:h2|font_size:45px|text_align:center&#8221; google_fonts=&#8221;font_family:Exo%3A100%2C100italic%2C200%2C200italic%2C300%2C300italic%2Cregular%2Citalic%2C500%2C500italic%2C600%2C600italic%2C700%2C700italic%2C800%2C800italic%2C900%2C900italic|font_style:400%20regular%3A400%3Anormal&#8221;][vc_row_inner][vc_column_inner width=&#8221;1\/4&#8243;][wdo_ult_text_over_image hover_effect=&#8221;square effect6 from_left_and_right&#8221; ihe_image=&#8221;2612&#8243; caption_heading=&#8221;VENEER DRYERS&#8221; caption_url=&#8221;http:\/\/www.fezer.com.br\/fezerEnglish\/veneer-dryers\/&#8221;]<\/p>\n<p style=\"text-align: center; padding-top: 50px;\">VIEW MORE <i class=\"vc_btn3-icon fa fa-chevron-right\"><\/i><\/p>\n<p>[\/wdo_ult_text_over_image][\/vc_column_inner][vc_column_inner width=&#8221;1\/4&#8243;][wdo_ult_text_over_image hover_effect=&#8221;square effect6 from_left_and_right&#8221; ihe_image=&#8221;2605&#8243; caption_heading=&#8221;PEELING LINES&#8221; caption_url=&#8221;http:\/\/www.fezer.com.br\/fezerEnglish\/peeling-lines\/&#8221;]<\/p>\n<p style=\"text-align: center; padding-top: 50px;\">VIEW MORE <i class=\"vc_btn3-icon fa fa-chevron-right\"><\/i><\/p>\n<p>[\/wdo_ult_text_over_image][\/vc_column_inner][vc_column_inner width=&#8221;1\/4&#8243;][wdo_ult_text_over_image hover_effect=&#8221;square effect6 from_left_and_right&#8221; ihe_image=&#8221;2642&#8243; caption_heading=&#8221;KNIFE GRINDER AND HEAVY-DUTY GRINDERS&#8221; caption_url=&#8221;http:\/\/www.fezer.com.br\/fezerEnglish\/knife-grinder-and-heavy-duty-grinders\/&#8221; demo=&#8221;&#8221;]<\/p>\n<p style=\"text-align: center; padding-top: 50px;\">VIEW MORE <i class=\"vc_btn3-icon fa fa-chevron-right\"><\/i><\/p>\n<p>[\/wdo_ult_text_over_image][\/vc_column_inner][vc_column_inner width=&#8221;1\/4&#8243;][wdo_ult_text_over_image hover_effect=&#8221;square effect6 from_left_and_right&#8221; ihe_image=&#8221;2607&#8243; caption_heading=&#8221;BIOMASS<br \/>\nCHIPPERS&#8221; caption_url=&#8221;http:\/\/www.fezer.com.br\/fezerEnglish\/biomass-chippers\/&#8221;]<\/p>\n<p style=\"text-align: center; padding-top: 50px;\">VIEW MORE <i class=\"vc_btn3-icon fa fa-chevron-right\"><\/i><\/p>\n<p>[\/wdo_ult_text_over_image][\/vc_column_inner][\/vc_row_inner][vc_row_inner][vc_column_inner width=&#8221;1\/4&#8243;][wdo_ult_text_over_image hover_effect=&#8221;square effect6 from_left_and_right&#8221; ihe_image=&#8221;2608&#8243; caption_heading=&#8221;SLICERS&#8221; caption_url=&#8221;http:\/\/www.fezer.com.br\/fezerEnglish\/slicers\/&#8221;]<\/p>\n<p style=\"text-align: center; padding-top: 50px;\">VIEW MORE <i class=\"vc_btn3-icon fa fa-chevron-right\"><\/i><\/p>\n<p>[\/wdo_ult_text_over_image][\/vc_column_inner][vc_column_inner width=&#8221;1\/4&#8243;][wdo_ult_text_over_image hover_effect=&#8221;square effect6 from_left_and_right&#8221; ihe_image=&#8221;3144&#8243; caption_heading=&#8221;MODERNIZA\u00c7\u00c3O E PE\u00c7AS&#8221; caption_url=&#8221;http:\/\/www.fezer.com.br\/fezerEnglish\/modernizacao-e-pecas-para-maquinas-existentes\/&#8221;]<\/p>\n<p style=\"text-align: center; padding-top: 50px;\">VER MAIS <i class=\"vc_btn3-icon fa fa-chevron-right\"><\/i><\/p>\n<p>[\/wdo_ult_text_over_image][\/vc_column_inner][vc_column_inner width=&#8221;1\/4&#8243;][wdo_ult_text_over_image hover_effect=&#8221;square effect6 from_left_and_right&#8221; ihe_image=&#8221;3145&#8243; caption_heading=&#8221;OUTRAS M\u00c1QUINAS&#8221; caption_url=&#8221;http:\/\/www.fezer.com.br\/fezerEnglish\/outras-maquinas\/&#8221;]<\/p>\n<p style=\"text-align: center; padding-top: 50px;\">VER MAIS <i class=\"vc_btn3-icon fa fa-chevron-right\"><\/i><\/p>\n<p>[\/wdo_ult_text_over_image][\/vc_column_inner][vc_column_inner width=&#8221;1\/4&#8243;][wdo_ult_text_over_image hover_effect=&#8221;square effect6 from_left_and_right&#8221; ihe_image=&#8221;2611&#8243; caption_heading=&#8221;TURBINES&#8221; caption_url=&#8221;http:\/\/www.fezer.com.br\/fezerEnglish\/turbines\/&#8221;]<\/p>\n<p style=\"text-align: center; padding-top: 50px;\">VIEW MORE <i class=\"vc_btn3-icon fa fa-chevron-right\"><\/i><\/p>\n<p>[\/wdo_ult_text_over_image][\/vc_column_inner][\/vc_row_inner][\/vc_column][\/vc_row][vc_row full_width=&#8221;stretch_row&#8221; el_class=&#8221;barra&#8221;][vc_column el_class=&#8221;barra&#8221;][vc_cta h2=&#8221;Ask questions to our customer service.&#8221; h2_font_container=&#8221;font_size:20px|color:%23ffffff|line_height:24px&#8221; h2_google_fonts=&#8221;font_family:Exo%3A100%2C100italic%2C200%2C200italic%2C300%2C300italic%2Cregular%2Citalic%2C500%2C500italic%2C600%2C600italic%2C700%2C700italic%2C800%2C800italic%2C900%2C900italic|font_style:400%20regular%3A400%3Anormal&#8221; shape=&#8221;square&#8221; style=&#8221;flat&#8221; add_button=&#8221;right&#8221; btn_title=&#8221;CONTACT US&#8221; btn_style=&#8221;flat&#8221; btn_color=&#8221;theme_style_2&#8243; btn_align=&#8221;right&#8221; btn_i_align=&#8221;right&#8221; btn_i_icon_fontawesome=&#8221;fa fa-chevron-right&#8221; use_custom_fonts_h2=&#8221;true&#8221; btn_add_icon=&#8221;true&#8221; el_class=&#8221;barra&#8221; css=&#8221;.vc_custom_1601056924836{margin-bottom: 0px !important;}&#8221; btn_link=&#8221;url:http%3A%2F%2Fwww.fezer.com.br%2FfezerEnglish%2Fcontato%2F|||&#8221;][\/vc_cta][\/vc_column][\/vc_row]<\/p>\n","protected":false},"excerpt":{"rendered":"<p>[vc_row css=&#8221;.vc_custom_1551448166014{padding-top: 70px !important;padding-bottom: 70px !important;}&#8221;][vc_column][vc_custom_heading text=&#8221;PRODUCTS&#8221; font_container=&#8221;tag:h2|font_size:45px|text_align:center&#8221; google_fonts=&#8221;font_family:Exo%3A100%2C100italic%2C200%2C200italic%2C300%2C300italic%2Cregular%2Citalic%2C500%2C500italic%2C600%2C600italic%2C700%2C700italic%2C800%2C800italic%2C900%2C900italic|font_style:400%20regular%3A400%3Anormal&#8221;][vc_row_inner][vc_column_inner width=&#8221;1\/4&#8243;][wdo_ult_text_over_image hover_effect=&#8221;square effect6 from_left_and_right&#8221; ihe_image=&#8221;2612&#8243; caption_heading=&#8221;VENEER DRYERS&#8221; caption_url=&#8221;http:\/\/www.fezer.com.br\/fezerEnglish\/veneer-dryers\/&#8221;] VIEW MORE [\/wdo_ult_text_over_image][\/vc_column_inner][vc_column_inner width=&#8221;1\/4&#8243;][wdo_ult_text_over_image hover_effect=&#8221;square effect6 from_left_and_right&#8221; ihe_image=&#8221;2605&#8243; caption_heading=&#8221;PEELING LINES&#8221; caption_url=&#8221;http:\/\/www.fezer.com.br\/fezerEnglish\/peeling-lines\/&#8221;] VIEW MORE [\/wdo_ult_text_over_image][\/vc_column_inner][vc_column_inner width=&#8221;1\/4&#8243;][wdo_ult_text_over_image hover_effect=&#8221;square effect6 from_left_and_right&#8221; ihe_image=&#8221;2642&#8243; caption_heading=&#8221;KNIFE GRINDER AND HEAVY-DUTY GRINDERS&#8221; caption_url=&#8221;http:\/\/www.fezer.com.br\/fezerEnglish\/knife-grinder-and-heavy-duty-grinders\/&#8221; demo=&#8221;&#8221;] VIEW MORE [\/wdo_ult_text_over_image][\/vc_column_inner][vc_column_inner width=&#8221;1\/4&#8243;][wdo_ult_text_over_image hover_effect=&#8221;square effect6 from_left_and_right&#8221; ihe_image=&#8221;2607&#8243; caption_heading=&#8221;BIOMASS CHIPPERS&#8221; caption_url=&#8221;http:\/\/www.fezer.com.br\/fezerEnglish\/biomass-chippers\/&#8221;] VIEW<\/p>\n","protected":false},"author":2,"featured_media":0,"parent":0,"menu_order":0,"comment_status":"closed","ping_status":"closed","template":"","meta":[],"_links":{"self":[{"href":"https:\/\/www.fezer.com.br\/fezerEnglish\/wp-json\/wp\/v2\/pages\/2991"}],"collection":[{"href":"https:\/\/www.fezer.com.br\/fezerEnglish\/wp-json\/wp\/v2\/pages"}],"about":[{"href":"https:\/\/www.fezer.com.br\/fezerEnglish\/wp-json\/wp\/v2\/types\/page"}],"author":[{"embeddable":true,"href":"https:\/\/www.fezer.com.br\/fezerEnglish\/wp-json\/wp\/v2\/users\/2"}],"replies":[{"embeddable":true,"href":"https:\/\/www.fezer.com.br\/fezerEnglish\/wp-json\/wp\/v2\/comments?post=2991"}],"version-history":[{"count":8,"href":"https:\/\/www.fezer.com.br\/fezerEnglish\/wp-json\/wp\/v2\/pages\/2991\/revisions"}],"predecessor-version":[{"id":3418,"href":"https:\/\/www.fezer.com.br\/fezerEnglish\/wp-json\/wp\/v2\/pages\/2991\/revisions\/3418"}],"wp:attachment":[{"href":"https:\/\/www.fezer.com.br\/fezerEnglish\/wp-json\/wp\/v2\/media?parent=2991"}],"curies":[{"name":"wp","href":"https:\/\/api.w.org\/{rel}","templated":true}]}}