{"id":1645,"date":"2019-03-01T13:32:55","date_gmt":"2019-03-01T16:32:55","guid":{"rendered":"http:\/\/www.fezer.com.br\/fezerEnglish\/?post_type=product&#038;p=1645"},"modified":"2019-03-01T13:56:35","modified_gmt":"2019-03-01T16:56:35","slug":"turbina-francis","status":"publish","type":"product","link":"https:\/\/www.fezer.com.br\/fezerEnglish\/produto\/turbina-francis\/","title":{"rendered":"Turbina Francis"},"content":{"rendered":"","protected":false},"excerpt":{"rendered":"<h3>Turbina Francis<\/h3>\n<p>Possuem grande flexibilidade e efici\u00eancia. S\u00e3o usadas, principalmente, em quedas na faixa de 15 at\u00e9 400 m. A pot\u00eancia varia de 1,0 at\u00e9 1000 MW e o di\u00e2metro do rotor de 1 at\u00e9 8,5 m.<\/p>\n","protected":false},"featured_media":1646,"template":"","meta":[],"_links":{"self":[{"href":"https:\/\/www.fezer.com.br\/fezerEnglish\/wp-json\/wp\/v2\/product\/1645"}],"collection":[{"href":"https:\/\/www.fezer.com.br\/fezerEnglish\/wp-json\/wp\/v2\/product"}],"about":[{"href":"https:\/\/www.fezer.com.br\/fezerEnglish\/wp-json\/wp\/v2\/types\/product"}],"wp:featuredmedia":[{"embeddable":true,"href":"https:\/\/www.fezer.com.br\/fezerEnglish\/wp-json\/wp\/v2\/media\/1646"}],"wp:attachment":[{"href":"https:\/\/www.fezer.com.br\/fezerEnglish\/wp-json\/wp\/v2\/media?parent=1645"}],"curies":[{"name":"wp","href":"https:\/\/api.w.org\/{rel}","templated":true}]}}