{"id":1647,"date":"2019-03-01T13:36:55","date_gmt":"2019-03-01T16:36:55","guid":{"rendered":"http:\/\/www.fezer.com.br\/fezerEnglish\/?post_type=product&#038;p=1647"},"modified":"2019-03-01T13:56:34","modified_gmt":"2019-03-01T16:56:34","slug":"turbina-kaplan","status":"publish","type":"product","link":"https:\/\/www.fezer.com.br\/fezerEnglish\/produto\/turbina-kaplan\/","title":{"rendered":"Turbina Kaplan"},"content":{"rendered":"","protected":false},"excerpt":{"rendered":"<h3>Turbina Kaplan<\/h3>\n<p>Garantem um bom rendimento em uma ampla faixa de opera\u00e7\u00e3o. \u00c9 adequada para operar entre quedas de 8 \u00e0 70 m. A pot\u00eancia varia de 1,0 at\u00e9 300 MW e o di\u00e2metro do rotor de 1 at\u00e9 11 m.<\/p>\n","protected":false},"featured_media":1648,"template":"","meta":[],"_links":{"self":[{"href":"https:\/\/www.fezer.com.br\/fezerEnglish\/wp-json\/wp\/v2\/product\/1647"}],"collection":[{"href":"https:\/\/www.fezer.com.br\/fezerEnglish\/wp-json\/wp\/v2\/product"}],"about":[{"href":"https:\/\/www.fezer.com.br\/fezerEnglish\/wp-json\/wp\/v2\/types\/product"}],"wp:featuredmedia":[{"embeddable":true,"href":"https:\/\/www.fezer.com.br\/fezerEnglish\/wp-json\/wp\/v2\/media\/1648"}],"wp:attachment":[{"href":"https:\/\/www.fezer.com.br\/fezerEnglish\/wp-json\/wp\/v2\/media?parent=1647"}],"curies":[{"name":"wp","href":"https:\/\/api.w.org\/{rel}","templated":true}]}}