{"id":1649,"date":"2019-03-01T13:38:49","date_gmt":"2019-03-01T16:38:49","guid":{"rendered":"http:\/\/www.fezer.com.br\/fezerEnglish\/?post_type=product&#038;p=1649"},"modified":"2019-03-01T13:56:33","modified_gmt":"2019-03-01T16:56:33","slug":"turbina-pelton","status":"publish","type":"product","link":"https:\/\/www.fezer.com.br\/fezerEnglish\/produto\/turbina-pelton\/","title":{"rendered":"Turbina Pelton"},"content":{"rendered":"","protected":false},"excerpt":{"rendered":"<h3>Turbina Pelton<\/h3>\n<p>As turbinas Pelton tem um rotor com caracter\u00edsticas bem distintas dos demais tipos. Suas p\u00e1s tem formato de concha. Este modelo opera em velocidades de rota\u00e7\u00e3o mais elevadas e \u00e9 mais adequado para altas quedas \u2013 entre 350 e 1100m. A faixa de pot\u00eancia varia de 0,3 a 60 MW.<\/p>\n","protected":false},"featured_media":1650,"template":"","meta":[],"_links":{"self":[{"href":"https:\/\/www.fezer.com.br\/fezerEnglish\/wp-json\/wp\/v2\/product\/1649"}],"collection":[{"href":"https:\/\/www.fezer.com.br\/fezerEnglish\/wp-json\/wp\/v2\/product"}],"about":[{"href":"https:\/\/www.fezer.com.br\/fezerEnglish\/wp-json\/wp\/v2\/types\/product"}],"wp:featuredmedia":[{"embeddable":true,"href":"https:\/\/www.fezer.com.br\/fezerEnglish\/wp-json\/wp\/v2\/media\/1650"}],"wp:attachment":[{"href":"https:\/\/www.fezer.com.br\/fezerEnglish\/wp-json\/wp\/v2\/media?parent=1649"}],"curies":[{"name":"wp","href":"https:\/\/api.w.org\/{rel}","templated":true}]}}