{"id":1651,"date":"2019-03-01T13:42:43","date_gmt":"2019-03-01T16:42:43","guid":{"rendered":"http:\/\/www.fezer.com.br\/fezerEnglish\/?post_type=product&#038;p=1651"},"modified":"2019-03-01T13:56:32","modified_gmt":"2019-03-01T16:56:32","slug":"valvula-borboleta","status":"publish","type":"product","link":"https:\/\/www.fezer.com.br\/fezerEnglish\/produto\/valvula-borboleta\/","title":{"rendered":"V\u00e1lvula Borboleta"},"content":{"rendered":"","protected":false},"excerpt":{"rendered":"<h3>V\u00e1lvula Borboleta<\/h3>\n<p>As v\u00e1lvulas borboleta s\u00e3o usadas para regular ou isolar a vaz\u00e3o. Elas permitem um fechamento r\u00e1pido. Estas v\u00e1lvulas s\u00e3o as mais utilizadas devido ao baixo custo em compara\u00e7\u00e3o a outros modelos. Outra vantagem \u00e9 sua baixa manuten\u00e7\u00e3o.<\/p>\n","protected":false},"featured_media":1652,"template":"","meta":[],"_links":{"self":[{"href":"https:\/\/www.fezer.com.br\/fezerEnglish\/wp-json\/wp\/v2\/product\/1651"}],"collection":[{"href":"https:\/\/www.fezer.com.br\/fezerEnglish\/wp-json\/wp\/v2\/product"}],"about":[{"href":"https:\/\/www.fezer.com.br\/fezerEnglish\/wp-json\/wp\/v2\/types\/product"}],"wp:featuredmedia":[{"embeddable":true,"href":"https:\/\/www.fezer.com.br\/fezerEnglish\/wp-json\/wp\/v2\/media\/1652"}],"wp:attachment":[{"href":"https:\/\/www.fezer.com.br\/fezerEnglish\/wp-json\/wp\/v2\/media?parent=1651"}],"curies":[{"name":"wp","href":"https:\/\/api.w.org\/{rel}","templated":true}]}}