{"id":1653,"date":"2019-03-01T13:45:34","date_gmt":"2019-03-01T16:45:34","guid":{"rendered":"http:\/\/www.fezer.com.br\/fezerEnglish\/?post_type=product&#038;p=1653"},"modified":"2019-03-01T13:56:32","modified_gmt":"2019-03-01T16:56:32","slug":"transportador-de-toras-modelo-et","status":"publish","type":"product","link":"https:\/\/www.fezer.com.br\/fezerEnglish\/produto\/transportador-de-toras-modelo-et\/","title":{"rendered":"Transportador de Toras, modelo &#8220;ET&#8221;"},"content":{"rendered":"","protected":false},"excerpt":{"rendered":"<h3>Transportador de Toras, modelo &#8220;ET&#8221;<\/h3>\n<p>O transportador de toras foi projetado para o transporte longitudinal de troncos de madeira. A estrutura \u00e9 constru\u00edda com perfis laminados enquanto que o transporte \u00e9 feito por correntes transportadoras dotadas de rolos de apoio que deslizam dentro de guias, com o objetivo de reduzir o atrito e permitir a utiliza\u00e7\u00e3o de menor pot\u00eancia de amortecimento ou por meio de rolos c\u00f4nico nas zonas de transfer\u00eancia transversal.<\/p>\n","protected":false},"featured_media":1654,"template":"","meta":[],"_links":{"self":[{"href":"https:\/\/www.fezer.com.br\/fezerEnglish\/wp-json\/wp\/v2\/product\/1653"}],"collection":[{"href":"https:\/\/www.fezer.com.br\/fezerEnglish\/wp-json\/wp\/v2\/product"}],"about":[{"href":"https:\/\/www.fezer.com.br\/fezerEnglish\/wp-json\/wp\/v2\/types\/product"}],"wp:featuredmedia":[{"embeddable":true,"href":"https:\/\/www.fezer.com.br\/fezerEnglish\/wp-json\/wp\/v2\/media\/1654"}],"wp:attachment":[{"href":"https:\/\/www.fezer.com.br\/fezerEnglish\/wp-json\/wp\/v2\/media?parent=1653"}],"curies":[{"name":"wp","href":"https:\/\/api.w.org\/{rel}","templated":true}]}}