{"id":1655,"date":"2019-03-01T13:48:22","date_gmt":"2019-03-01T16:48:22","guid":{"rendered":"http:\/\/www.fezer.com.br\/fezerEnglish\/?post_type=product&#038;p=1655"},"modified":"2019-03-01T13:48:22","modified_gmt":"2019-03-01T16:48:22","slug":"transportador-de-toras-modelo-eac","status":"publish","type":"product","link":"https:\/\/www.fezer.com.br\/fezerEnglish\/produto\/transportador-de-toras-modelo-eac\/","title":{"rendered":"Transportador de Toras, modelo &#8220;EAC&#8221;"},"content":{"rendered":"<p>O transportador de toras foi projetado para o transporte transversal de troncos de madeira em associa\u00e7\u00e3o com um centrador-carregador de toras trabalhando para alimentar um torno desfolhador. A estrutura \u00e9 constru\u00edda com perfis laminados enquanto que o transporte \u00e9 feito por correntes transportadoras dotadas de rolos de apoio que deslizam dentro de guias, com o objetivo de reduzir o atrito e permitir a utiliza\u00e7\u00e3o de menor pot\u00eancia de acionamento.<\/p>\n","protected":false},"excerpt":{"rendered":"<h3>Transportador de Toras, modelo &#8220;EAC&#8221;<\/h3>\n<p><strong>Dados T\u00e9cnicos:<\/strong><\/p>\n<ul>\n<li>Comprimento m\u00e1ximo da tora: 1.400 a 3.300 mm<\/li>\n<li>Di\u00e2metro m\u00e1ximo da tora: at\u00e9 2.200 mm<\/li>\n<li>Comprimento total do transportador: Sob pedido<\/li>\n<li>Velocidade de transporte: Sob pedido<\/li>\n<\/ul>\n","protected":false},"featured_media":1656,"template":"","meta":[],"_links":{"self":[{"href":"https:\/\/www.fezer.com.br\/fezerEnglish\/wp-json\/wp\/v2\/product\/1655"}],"collection":[{"href":"https:\/\/www.fezer.com.br\/fezerEnglish\/wp-json\/wp\/v2\/product"}],"about":[{"href":"https:\/\/www.fezer.com.br\/fezerEnglish\/wp-json\/wp\/v2\/types\/product"}],"wp:featuredmedia":[{"embeddable":true,"href":"https:\/\/www.fezer.com.br\/fezerEnglish\/wp-json\/wp\/v2\/media\/1656"}],"wp:attachment":[{"href":"https:\/\/www.fezer.com.br\/fezerEnglish\/wp-json\/wp\/v2\/media?parent=1655"}],"curies":[{"name":"wp","href":"https:\/\/api.w.org\/{rel}","templated":true}]}}