{"id":1687,"date":"2019-03-01T14:07:50","date_gmt":"2019-03-01T17:07:50","guid":{"rendered":"http:\/\/www.fezer.com.br\/fezerEnglish\/?post_type=product&#038;p=1687"},"modified":"2019-03-01T14:26:56","modified_gmt":"2019-03-01T17:26:56","slug":"centrador-de-toras-tipo-optico","status":"publish","type":"product","link":"https:\/\/www.fezer.com.br\/fezerEnglish\/produto\/centrador-de-toras-tipo-optico\/","title":{"rendered":"Centrador de toras tipo \u00f3ptico"},"content":{"rendered":"","protected":false},"excerpt":{"rendered":"<h3>Centrador de toras tipo \u00f3ptico<\/h3>\n<p>Centrador de toras tipo \u00f3ptico, com ajuste do centro em compara\u00e7\u00e3o a um alvo projetado na cabe\u00e7a da tora, com carregador tipo ponte, para toras de grande di\u00e2metro.<\/p>\n","protected":false},"featured_media":1689,"template":"","meta":[],"_links":{"self":[{"href":"https:\/\/www.fezer.com.br\/fezerEnglish\/wp-json\/wp\/v2\/product\/1687"}],"collection":[{"href":"https:\/\/www.fezer.com.br\/fezerEnglish\/wp-json\/wp\/v2\/product"}],"about":[{"href":"https:\/\/www.fezer.com.br\/fezerEnglish\/wp-json\/wp\/v2\/types\/product"}],"wp:featuredmedia":[{"embeddable":true,"href":"https:\/\/www.fezer.com.br\/fezerEnglish\/wp-json\/wp\/v2\/media\/1689"}],"wp:attachment":[{"href":"https:\/\/www.fezer.com.br\/fezerEnglish\/wp-json\/wp\/v2\/media?parent=1687"}],"curies":[{"name":"wp","href":"https:\/\/api.w.org\/{rel}","templated":true}]}}