{"id":1738,"date":"2019-03-01T14:24:50","date_gmt":"2019-03-01T17:24:50","guid":{"rendered":"http:\/\/www.fezer.com.br\/fezerEnglish\/?post_type=product&#038;p=1738"},"modified":"2019-03-01T14:24:51","modified_gmt":"2019-03-01T17:24:51","slug":"transportador-de-roletes-torneados","status":"publish","type":"product","link":"https:\/\/www.fezer.com.br\/fezerEnglish\/produto\/transportador-de-roletes-torneados\/","title":{"rendered":"Transportador de Roletes Torneados"},"content":{"rendered":"","protected":false},"excerpt":{"rendered":"<h3>Transportador de Roletes Torneados<\/h3>\n<p>O transportador de roletes torneados \u00e9 um equipamento constru\u00eddo para remover os roletes que sobram do processo de lamina\u00e7\u00e3o, bem como as toras de determinado di\u00e2metro cujo processo de lamina\u00e7\u00e3o tenha sido interrompido por algum motivo. O transporte \u00e9 feito de forma segura, eficiente e de modo inteiramente autom\u00e1tico, levando estes materiais para um ponto especificado para armazenagem ou para posterior aproveitamento.<\/p>\n","protected":false},"featured_media":1739,"template":"","meta":[],"_links":{"self":[{"href":"https:\/\/www.fezer.com.br\/fezerEnglish\/wp-json\/wp\/v2\/product\/1738"}],"collection":[{"href":"https:\/\/www.fezer.com.br\/fezerEnglish\/wp-json\/wp\/v2\/product"}],"about":[{"href":"https:\/\/www.fezer.com.br\/fezerEnglish\/wp-json\/wp\/v2\/types\/product"}],"wp:featuredmedia":[{"embeddable":true,"href":"https:\/\/www.fezer.com.br\/fezerEnglish\/wp-json\/wp\/v2\/media\/1739"}],"wp:attachment":[{"href":"https:\/\/www.fezer.com.br\/fezerEnglish\/wp-json\/wp\/v2\/media?parent=1738"}],"curies":[{"name":"wp","href":"https:\/\/api.w.org\/{rel}","templated":true}]}}