{"id":1778,"date":"2019-03-01T14:40:13","date_gmt":"2019-03-01T17:40:13","guid":{"rendered":"http:\/\/www.fezer.com.br\/fezerEnglish\/?post_type=product&#038;p=1778"},"modified":"2019-03-01T14:40:13","modified_gmt":"2019-03-01T17:40:13","slug":"guilhotina-pneumatica-gp","status":"publish","type":"product","link":"https:\/\/www.fezer.com.br\/fezerEnglish\/produto\/guilhotina-pneumatica-gp\/","title":{"rendered":"Guilhotina Pneum\u00e1tica GP"},"content":{"rendered":"","protected":false},"excerpt":{"rendered":"<h3>Guilhotina Pneum\u00e1tica GP<\/h3>\n<p>Guilhotina Pneum\u00e1tica modelo GP, com faca \u00fanica, acionamento por meio de cilindro pneum\u00e1tico especial de alta velocidade, velocidade de trabalho de 30 a 80 m\/min.<\/p>\n","protected":false},"featured_media":1782,"template":"","meta":[],"_links":{"self":[{"href":"https:\/\/www.fezer.com.br\/fezerEnglish\/wp-json\/wp\/v2\/product\/1778"}],"collection":[{"href":"https:\/\/www.fezer.com.br\/fezerEnglish\/wp-json\/wp\/v2\/product"}],"about":[{"href":"https:\/\/www.fezer.com.br\/fezerEnglish\/wp-json\/wp\/v2\/types\/product"}],"wp:featuredmedia":[{"embeddable":true,"href":"https:\/\/www.fezer.com.br\/fezerEnglish\/wp-json\/wp\/v2\/media\/1782"}],"wp:attachment":[{"href":"https:\/\/www.fezer.com.br\/fezerEnglish\/wp-json\/wp\/v2\/media?parent=1778"}],"curies":[{"name":"wp","href":"https:\/\/api.w.org\/{rel}","templated":true}]}}