{"id":1793,"date":"2019-03-01T14:49:38","date_gmt":"2019-03-01T17:49:38","guid":{"rendered":"http:\/\/www.fezer.com.br\/fezerEnglish\/?post_type=product&#038;p=1793"},"modified":"2019-03-01T14:49:38","modified_gmt":"2019-03-01T17:49:38","slug":"empilhadores-a-vacuo-modelo-ev","status":"publish","type":"product","link":"https:\/\/www.fezer.com.br\/fezerEnglish\/produto\/empilhadores-a-vacuo-modelo-ev\/","title":{"rendered":"Empilhadores a V\u00e1cuo Modelo EV"},"content":{"rendered":"<p>Entrada do empilhador com unidade de separa\u00e7\u00e3o autom\u00e1tica de peda\u00e7os para retorno sobre transportador de recupera\u00e7\u00e3o de aproveitamento. Empilhamento de folhas de 8 x 8 p\u00e9s. Velocidade vari\u00e1vel de transporte e de ajuste de v\u00e1cuo. Separa\u00e7\u00e3o por umidade. Forma\u00e7\u00e3o dos pacotes sobre mesas hidr\u00e1ulicas integradas com o circuito de comando do empilhador.<\/p>\n<p>Descarregamento dos pacotes formados sobre as mesas hidr\u00e1ulicas por meio de rolos livres e inclina\u00e7\u00e3o da parte superior da mesa, ou por meio de rolos ou correntes acionados. Converg\u00eancia dos pacotes para sistemas de transporte integrados.<\/p>\n","protected":false},"excerpt":{"rendered":"<h3>Empilhadores a V\u00e1cuo Modelo EV<\/h3>\n<p>Empilhadores a v\u00e1cuo modelo EV, com 2 a 4 linhas de transporte, para larguras de l\u00e2minas de 1,4 a 3,3 m. Quantidade de esta\u00e7\u00f5es de descarga de acordo com requerimentos.<\/p>\n","protected":false},"featured_media":1801,"template":"","meta":[],"_links":{"self":[{"href":"https:\/\/www.fezer.com.br\/fezerEnglish\/wp-json\/wp\/v2\/product\/1793"}],"collection":[{"href":"https:\/\/www.fezer.com.br\/fezerEnglish\/wp-json\/wp\/v2\/product"}],"about":[{"href":"https:\/\/www.fezer.com.br\/fezerEnglish\/wp-json\/wp\/v2\/types\/product"}],"wp:featuredmedia":[{"embeddable":true,"href":"https:\/\/www.fezer.com.br\/fezerEnglish\/wp-json\/wp\/v2\/media\/1801"}],"wp:attachment":[{"href":"https:\/\/www.fezer.com.br\/fezerEnglish\/wp-json\/wp\/v2\/media?parent=1793"}],"curies":[{"name":"wp","href":"https:\/\/api.w.org\/{rel}","templated":true}]}}