{"id":1811,"date":"2019-03-01T14:55:13","date_gmt":"2019-03-01T17:55:13","guid":{"rendered":"http:\/\/www.fezer.com.br\/fezerEnglish\/?post_type=product&#038;p=1811"},"modified":"2019-03-01T14:57:59","modified_gmt":"2019-03-01T17:57:59","slug":"alimentadores-a-vacuo-modelo-vac","status":"publish","type":"product","link":"https:\/\/www.fezer.com.br\/fezerEnglish\/produto\/alimentadores-a-vacuo-modelo-vac\/","title":{"rendered":"Alimentadores a V\u00e1cuo Modelo VAC"},"content":{"rendered":"<p><strong>Modelo 1:<\/strong> Com viga de v\u00e1cuo que se move para buscar o pacote e posicionar a l\u00e2mina contra o batente de esquadro.<\/p>\n<p><strong>Modelo 2:<\/strong> Com viga estacion\u00e1ria e rolos de tra\u00e7\u00e3o que posicionam a l\u00e2mina contra o batente de esquadro.<\/p>\n<p><strong>Modelo 3:<\/strong> Com bocas de pick-up a v\u00e1cuo que erguem a l\u00e2mina de encontro aos rolos de transporte para posicionamento contra o batente de esquadro.<\/p>\n<p>As l\u00e2minas s\u00e3o alimentadas para as pistas de entrada do secador por meio conjunto de rolos emborrachados inteiri\u00e7os, para evitar quebra das l\u00e2minas mais sens\u00edveis.<\/p>\n<p>Sistema de posicionamento de pacotes na frete do alimentador por meio de transportadores laterais ou frontais, com mesas elevadoras simples ou duplas, para alimenta\u00e7\u00e3o de pacotes com pallets, plataforma ou l\u00e2minas brutas.<\/p>\n<p><iframe loading=\"lazy\" src=\"https:\/\/www.youtube.com\/embed\/i3R9iXUuH0A\" width=\"560\" height=\"315\" frameborder=\"0\" allowfullscreen=\"allowfullscreen\"><\/iframe><\/p>\n<p><iframe loading=\"lazy\" src=\"https:\/\/www.youtube.com\/embed\/8Z9Htx9cNOk\" width=\"560\" height=\"315\" frameborder=\"0\" allowfullscreen=\"allowfullscreen\"><\/iframe><\/p>\n","protected":false},"excerpt":{"rendered":"<h3>Alimentadores a V\u00e1cuo Modelo VAC<\/h3>\n<p>Alimentadores a v\u00e1cuo modelo VAC para secador de l\u00e2minas. Para alimenta\u00e7\u00e3o de secadores com 3 a 6 pistas. Capacidade para at\u00e9 24 ciclos de carga por minuto.<\/p>\n","protected":false},"featured_media":1812,"template":"","meta":[],"_links":{"self":[{"href":"https:\/\/www.fezer.com.br\/fezerEnglish\/wp-json\/wp\/v2\/product\/1811"}],"collection":[{"href":"https:\/\/www.fezer.com.br\/fezerEnglish\/wp-json\/wp\/v2\/product"}],"about":[{"href":"https:\/\/www.fezer.com.br\/fezerEnglish\/wp-json\/wp\/v2\/types\/product"}],"wp:featuredmedia":[{"embeddable":true,"href":"https:\/\/www.fezer.com.br\/fezerEnglish\/wp-json\/wp\/v2\/media\/1812"}],"wp:attachment":[{"href":"https:\/\/www.fezer.com.br\/fezerEnglish\/wp-json\/wp\/v2\/media?parent=1811"}],"curies":[{"name":"wp","href":"https:\/\/api.w.org\/{rel}","templated":true}]}}