{"id":1835,"date":"2019-03-01T15:04:31","date_gmt":"2019-03-01T18:04:31","guid":{"rendered":"http:\/\/www.fezer.com.br\/fezerEnglish\/?post_type=product&#038;p=1835"},"modified":"2019-03-01T15:04:31","modified_gmt":"2019-03-01T18:04:31","slug":"alimentador-a-vacuo-modelo-av","status":"publish","type":"product","link":"https:\/\/www.fezer.com.br\/fezerEnglish\/produto\/alimentador-a-vacuo-modelo-av\/","title":{"rendered":"Alimentador a V\u00e1cuo Modelo AV"},"content":{"rendered":"","protected":false},"excerpt":{"rendered":"<h3>Alimentador a V\u00e1cuo Modelo AV<\/h3>\n<p>Alimentador a v\u00e1cuo modelo AV, especial para alimenta\u00e7\u00e3o de capas torneadas de 4&#215;8\u2019 num secador tipo press-dryer.<\/p>\n","protected":false},"featured_media":1838,"template":"","meta":[],"_links":{"self":[{"href":"https:\/\/www.fezer.com.br\/fezerEnglish\/wp-json\/wp\/v2\/product\/1835"}],"collection":[{"href":"https:\/\/www.fezer.com.br\/fezerEnglish\/wp-json\/wp\/v2\/product"}],"about":[{"href":"https:\/\/www.fezer.com.br\/fezerEnglish\/wp-json\/wp\/v2\/types\/product"}],"wp:featuredmedia":[{"embeddable":true,"href":"https:\/\/www.fezer.com.br\/fezerEnglish\/wp-json\/wp\/v2\/media\/1838"}],"wp:attachment":[{"href":"https:\/\/www.fezer.com.br\/fezerEnglish\/wp-json\/wp\/v2\/media?parent=1835"}],"curies":[{"name":"wp","href":"https:\/\/api.w.org\/{rel}","templated":true}]}}