{"id":1840,"date":"2019-03-01T15:09:29","date_gmt":"2019-03-01T18:09:29","guid":{"rendered":"http:\/\/www.fezer.com.br\/fezerEnglish\/?post_type=product&#038;p=1840"},"modified":"2019-03-01T15:09:29","modified_gmt":"2019-03-01T18:09:29","slug":"secadores-de-laminas-sr","status":"publish","type":"product","link":"https:\/\/www.fezer.com.br\/fezerEnglish\/produto\/secadores-de-laminas-sr\/","title":{"rendered":"Secadores de L\u00e2minas SR"},"content":{"rendered":"","protected":false},"excerpt":{"rendered":"<h3>Secadores de L\u00e2minas SR<\/h3>\n<p>Secadores de l\u00e2minas com transporte por meio de rolos, tipo SR, com 3, 4, 5 ou 6 pistas, comprimento dos rolos de 4.200mm, 4.900mm, 5.700 mm e 6.300 mm, com aquecimento por meio de vapor, \u00e1gua quente, \u00f3leo t\u00e9rmico ou queima direta de g\u00e1s.<\/p>\n","protected":false},"featured_media":1842,"template":"","meta":[],"_links":{"self":[{"href":"https:\/\/www.fezer.com.br\/fezerEnglish\/wp-json\/wp\/v2\/product\/1840"}],"collection":[{"href":"https:\/\/www.fezer.com.br\/fezerEnglish\/wp-json\/wp\/v2\/product"}],"about":[{"href":"https:\/\/www.fezer.com.br\/fezerEnglish\/wp-json\/wp\/v2\/types\/product"}],"wp:featuredmedia":[{"embeddable":true,"href":"https:\/\/www.fezer.com.br\/fezerEnglish\/wp-json\/wp\/v2\/media\/1842"}],"wp:attachment":[{"href":"https:\/\/www.fezer.com.br\/fezerEnglish\/wp-json\/wp\/v2\/media?parent=1840"}],"curies":[{"name":"wp","href":"https:\/\/api.w.org\/{rel}","templated":true}]}}