{"id":1924,"date":"2019-03-01T15:27:10","date_gmt":"2019-03-01T18:27:10","guid":{"rendered":"http:\/\/www.fezer.com.br\/fezerEnglish\/?post_type=product&#038;p=1924"},"modified":"2019-03-01T15:27:10","modified_gmt":"2019-03-01T18:27:10","slug":"reforma-e-modernizacao-empresa-tepebicua-da-argentina","status":"publish","type":"product","link":"https:\/\/www.fezer.com.br\/fezerEnglish\/produto\/reforma-e-modernizacao-empresa-tepebicua-da-argentina\/","title":{"rendered":"Reforma e moderniza\u00e7\u00e3o &#8211; Empresa Tepebicu\u00e1 da Argentina"},"content":{"rendered":"<p><img decoding=\"async\" src=\"http:\/\/www.fezer.com.br\/assets\/imagensFCKEditor\/portuguestapebicua.jpg\" \/><\/p>\n","protected":false},"excerpt":{"rendered":"<h3>Reforma e moderniza\u00e7\u00e3o &#8211; Empresa Tepebicu\u00e1 da Argentina<\/h3>\n","protected":false},"featured_media":1929,"template":"","meta":[],"_links":{"self":[{"href":"https:\/\/www.fezer.com.br\/fezerEnglish\/wp-json\/wp\/v2\/product\/1924"}],"collection":[{"href":"https:\/\/www.fezer.com.br\/fezerEnglish\/wp-json\/wp\/v2\/product"}],"about":[{"href":"https:\/\/www.fezer.com.br\/fezerEnglish\/wp-json\/wp\/v2\/types\/product"}],"wp:featuredmedia":[{"embeddable":true,"href":"https:\/\/www.fezer.com.br\/fezerEnglish\/wp-json\/wp\/v2\/media\/1929"}],"wp:attachment":[{"href":"https:\/\/www.fezer.com.br\/fezerEnglish\/wp-json\/wp\/v2\/media?parent=1924"}],"curies":[{"name":"wp","href":"https:\/\/api.w.org\/{rel}","templated":true}]}}