{"id":1939,"date":"2019-03-01T15:29:54","date_gmt":"2019-03-01T18:29:54","guid":{"rendered":"http:\/\/www.fezer.com.br\/fezerEnglish\/?post_type=product&#038;p=1939"},"modified":"2019-03-01T15:29:54","modified_gmt":"2019-03-01T18:29:54","slug":"transportador-de-toras-modelo-eac-2","status":"publish","type":"product","link":"https:\/\/www.fezer.com.br\/fezerEnglish\/produto\/transportador-de-toras-modelo-eac-2\/","title":{"rendered":"Transportador de Toras, modelo &#8220;EAC&#8221;"},"content":{"rendered":"","protected":false},"excerpt":{"rendered":"<h3>Transportador de Toras, modelo &#8220;EAC&#8221;<\/h3>\n<p>O transportador de toras foi projetado para o transporte transversal de troncos de madeira em associa\u00e7\u00e3o com um centrador-carregador de toras trabalhando para alimentar um torno desfolhador. A estrutura \u00e9 constru\u00edda com perfis laminados enquanto que o transporte \u00e9 feito por correntes transportadoras dotadas de rolos de apoio que deslizam dentro de guias, com o objetivo de reduzir o atrito e permitir a utiliza\u00e7\u00e3o de menor pot\u00eancia de acionamento.<\/p>\n<table border=\"1\" width=\"482\" cellspacing=\"1\" cellpadding=\"1\" align=\"center\">\n<caption><strong><u>Dados T\u00e9cnicos<\/u><\/strong><\/caption>\n<tbody>\n<tr>\n<td>Comprimento m\u00e1ximo da tora:<\/td>\n<td><em>1.400 a 3.300<\/em><\/td>\n<td><em>mm<\/em><\/td>\n<\/tr>\n<tr>\n<td>Di\u00e2metro m\u00e1ximo da tora:<\/td>\n<td><em>at\u00e9 2.00<\/em><\/td>\n<td><em>mm<\/em><\/td>\n<\/tr>\n<tr>\n<td>Comprimento total do transportador:<\/td>\n<td colspan=\"2\"><em>Sob pedido<\/em><\/td>\n<\/tr>\n<tr>\n<td>Velocidade de transporte:<\/td>\n<td colspan=\"2\"><em>Sob pedido<\/em><\/td>\n<\/tr>\n<\/tbody>\n<\/table>\n","protected":false},"featured_media":1945,"template":"","meta":[],"_links":{"self":[{"href":"https:\/\/www.fezer.com.br\/fezerEnglish\/wp-json\/wp\/v2\/product\/1939"}],"collection":[{"href":"https:\/\/www.fezer.com.br\/fezerEnglish\/wp-json\/wp\/v2\/product"}],"about":[{"href":"https:\/\/www.fezer.com.br\/fezerEnglish\/wp-json\/wp\/v2\/types\/product"}],"wp:featuredmedia":[{"embeddable":true,"href":"https:\/\/www.fezer.com.br\/fezerEnglish\/wp-json\/wp\/v2\/media\/1945"}],"wp:attachment":[{"href":"https:\/\/www.fezer.com.br\/fezerEnglish\/wp-json\/wp\/v2\/media?parent=1939"}],"curies":[{"name":"wp","href":"https:\/\/api.w.org\/{rel}","templated":true}]}}