{"id":1949,"date":"2019-03-01T15:32:28","date_gmt":"2019-03-01T18:32:28","guid":{"rendered":"http:\/\/www.fezer.com.br\/fezerEnglish\/?post_type=product&#038;p=1949"},"modified":"2019-03-01T15:32:28","modified_gmt":"2019-03-01T18:32:28","slug":"plaina-de-blocos-dupla-modelo-dp","status":"publish","type":"product","link":"https:\/\/www.fezer.com.br\/fezerEnglish\/produto\/plaina-de-blocos-dupla-modelo-dp\/","title":{"rendered":"Plaina de Blocos Dupla, modelo &#8220;DP&#8221;"},"content":{"rendered":"","protected":false},"excerpt":{"rendered":"<h3>Plaina de Blocos Dupla, modelo &#8220;DP&#8221;<\/h3>\n<p>A Plaina de Blocos Dupla foi projetada para aplainar os dois lados de um fil\u00e9 de faqueadeira simultaneamente, e eliminar as distor\u00e7\u00f5es e empenamentos ocorridos durante o cozimento, antes que os mesmos sejam enviados para uma faqueadeira, com o objetivo de economizar tempo no processo de faqueado al\u00e9m de aumentar a durabilidade das facas. Adicionalmente a m\u00e1quina possui um cabe\u00e7ote ranhurador posicion\u00e1vel para fazer canais de fixa\u00e7\u00e3o de blocos em dispositivo stay-log.<\/p>\n","protected":false},"featured_media":1953,"template":"","meta":[],"_links":{"self":[{"href":"https:\/\/www.fezer.com.br\/fezerEnglish\/wp-json\/wp\/v2\/product\/1949"}],"collection":[{"href":"https:\/\/www.fezer.com.br\/fezerEnglish\/wp-json\/wp\/v2\/product"}],"about":[{"href":"https:\/\/www.fezer.com.br\/fezerEnglish\/wp-json\/wp\/v2\/types\/product"}],"wp:featuredmedia":[{"embeddable":true,"href":"https:\/\/www.fezer.com.br\/fezerEnglish\/wp-json\/wp\/v2\/media\/1953"}],"wp:attachment":[{"href":"https:\/\/www.fezer.com.br\/fezerEnglish\/wp-json\/wp\/v2\/media?parent=1949"}],"curies":[{"name":"wp","href":"https:\/\/api.w.org\/{rel}","templated":true}]}}