{"id":1958,"date":"2019-03-01T15:34:18","date_gmt":"2019-03-01T18:34:18","guid":{"rendered":"http:\/\/www.fezer.com.br\/fezerEnglish\/?post_type=product&#038;p=1958"},"modified":"2019-03-01T15:34:18","modified_gmt":"2019-03-01T18:34:18","slug":"plaina-para-blocos-de-madeira-modelo-pb","status":"publish","type":"product","link":"https:\/\/www.fezer.com.br\/fezerEnglish\/produto\/plaina-para-blocos-de-madeira-modelo-pb\/","title":{"rendered":"Plaina para Blocos de Madeira, modelo &#8220;PB&#8221;"},"content":{"rendered":"<p><iframe loading=\"lazy\" src=\"https:\/\/www.youtube.com\/embed\/zPjiIORMJMM\" width=\"560\" height=\"315\" frameborder=\"0\" allowfullscreen=\"allowfullscreen\"><\/iframe><\/p>\n","protected":false},"excerpt":{"rendered":"<h3>Plaina para Blocos de Madeira, modelo &#8220;PB&#8221;<\/h3>\n<p>A Plaina para Blocos de Madeira foi projetada para aplainar os blocos de madeira (fil\u00e9s) antes de coloc\u00e1-los na faqueadeira, com o objetivo de melhorar o aproveitamento da m\u00e1quina de faquear. O uso de blocos previamente aplainados aumenta em at\u00e9 20% o rendimento do processo de lamina\u00e7\u00e3o.<\/p>\n","protected":false},"featured_media":1959,"template":"","meta":[],"_links":{"self":[{"href":"https:\/\/www.fezer.com.br\/fezerEnglish\/wp-json\/wp\/v2\/product\/1958"}],"collection":[{"href":"https:\/\/www.fezer.com.br\/fezerEnglish\/wp-json\/wp\/v2\/product"}],"about":[{"href":"https:\/\/www.fezer.com.br\/fezerEnglish\/wp-json\/wp\/v2\/types\/product"}],"wp:featuredmedia":[{"embeddable":true,"href":"https:\/\/www.fezer.com.br\/fezerEnglish\/wp-json\/wp\/v2\/media\/1959"}],"wp:attachment":[{"href":"https:\/\/www.fezer.com.br\/fezerEnglish\/wp-json\/wp\/v2\/media?parent=1958"}],"curies":[{"name":"wp","href":"https:\/\/api.w.org\/{rel}","templated":true}]}}