{"id":1969,"date":"2019-03-01T15:37:12","date_gmt":"2019-03-01T18:37:12","guid":{"rendered":"http:\/\/www.fezer.com.br\/fezerEnglish\/?post_type=product&#038;p=1969"},"modified":"2019-03-01T15:37:12","modified_gmt":"2019-03-01T18:37:12","slug":"plaina-para-blocos-de-madeira-modelo-pe","status":"publish","type":"product","link":"https:\/\/www.fezer.com.br\/fezerEnglish\/produto\/plaina-para-blocos-de-madeira-modelo-pe\/","title":{"rendered":"Plaina para Blocos de Madeira, modelo &#8220;PE&#8221;"},"content":{"rendered":"","protected":false},"excerpt":{"rendered":"<h3>Plaina para Blocos de Madeira, modelo &#8220;PE&#8221;<\/h3>\n<p>A Plaina para Blocos de Madeira foi projetada para aplainar os blocos de madeira (fil\u00e9s) antes de coloc\u00e1-los na faqueadeira, com o objetivo de melhorar o aproveitamento da m\u00e1quina de faquear.<\/p>\n","protected":false},"featured_media":1970,"template":"","meta":[],"_links":{"self":[{"href":"https:\/\/www.fezer.com.br\/fezerEnglish\/wp-json\/wp\/v2\/product\/1969"}],"collection":[{"href":"https:\/\/www.fezer.com.br\/fezerEnglish\/wp-json\/wp\/v2\/product"}],"about":[{"href":"https:\/\/www.fezer.com.br\/fezerEnglish\/wp-json\/wp\/v2\/types\/product"}],"wp:featuredmedia":[{"embeddable":true,"href":"https:\/\/www.fezer.com.br\/fezerEnglish\/wp-json\/wp\/v2\/media\/1970"}],"wp:attachment":[{"href":"https:\/\/www.fezer.com.br\/fezerEnglish\/wp-json\/wp\/v2\/media?parent=1969"}],"curies":[{"name":"wp","href":"https:\/\/api.w.org\/{rel}","templated":true}]}}