{"id":1997,"date":"2019-03-01T15:43:55","date_gmt":"2019-03-01T18:43:55","guid":{"rendered":"http:\/\/www.fezer.com.br\/fezerEnglish\/?post_type=product&#038;p=1997"},"modified":"2019-03-01T15:43:56","modified_gmt":"2019-03-01T18:43:56","slug":"faqueadeira-rotativa","status":"publish","type":"product","link":"https:\/\/www.fezer.com.br\/fezerEnglish\/produto\/faqueadeira-rotativa\/","title":{"rendered":"Faqueadeira Rotativa"},"content":{"rendered":"<p><iframe loading=\"lazy\" src=\"https:\/\/www.youtube.com\/embed\/PsIItT_qwQM\" width=\"560\" height=\"315\" frameborder=\"0\" allowfullscreen=\"allowfullscreen\"><\/iframe><\/p>\n","protected":false},"excerpt":{"rendered":"<h3>Faqueadeira Rotativa<\/h3>\n<p>Faqueadeira Rotativa com corte no movimento de subida, comprimento de faca de 3.700 e 4.100mm, 120 cortes por minuto, barra de fixa\u00e7\u00e3o com chavetas hidr\u00e1ulicas, a barra \u00e9 inclin\u00e1vel para permitir corte de troncos c\u00f4nicos.<\/p>\n","protected":false},"featured_media":2010,"template":"","meta":[],"_links":{"self":[{"href":"https:\/\/www.fezer.com.br\/fezerEnglish\/wp-json\/wp\/v2\/product\/1997"}],"collection":[{"href":"https:\/\/www.fezer.com.br\/fezerEnglish\/wp-json\/wp\/v2\/product"}],"about":[{"href":"https:\/\/www.fezer.com.br\/fezerEnglish\/wp-json\/wp\/v2\/types\/product"}],"wp:featuredmedia":[{"embeddable":true,"href":"https:\/\/www.fezer.com.br\/fezerEnglish\/wp-json\/wp\/v2\/media\/2010"}],"wp:attachment":[{"href":"https:\/\/www.fezer.com.br\/fezerEnglish\/wp-json\/wp\/v2\/media?parent=1997"}],"curies":[{"name":"wp","href":"https:\/\/api.w.org\/{rel}","templated":true}]}}