{"id":2038,"date":"2019-03-01T15:50:25","date_gmt":"2019-03-01T18:50:25","guid":{"rendered":"http:\/\/www.fezer.com.br\/fezerEnglish\/?post_type=product&#038;p=2038"},"modified":"2019-03-01T15:50:25","modified_gmt":"2019-03-01T18:50:25","slug":"guilhotina-basculante-modelo-mgb","status":"publish","type":"product","link":"https:\/\/www.fezer.com.br\/fezerEnglish\/produto\/guilhotina-basculante-modelo-mgb\/","title":{"rendered":"Guilhotina Basculante Modelo &#8220;MGB&#8221;"},"content":{"rendered":"","protected":false},"excerpt":{"rendered":"<h3>Guilhotina Basculante Modelo &#8220;MGB&#8221;<\/h3>\n<p><strong>Guilhotina Basculante para Corte de L\u00e2minas em Pacotes, modelo &#8220;MGB&#8221;<\/strong><\/p>\n<p>A Guilhotina Basculante para Corte de L\u00e2minas em Pacotes desenvolvida para o corte de pacotes de l\u00e2minas de madeira, especialmente l\u00e2minas faqueadas. Trata-se de uma m\u00e1quina totalmente constru\u00edda em ferro fundido normalizado em forno com temperatura controlada, para garantir a precis\u00e3o de seus componentes e estabilidade.<\/p>\n","protected":false},"featured_media":2045,"template":"","meta":[],"_links":{"self":[{"href":"https:\/\/www.fezer.com.br\/fezerEnglish\/wp-json\/wp\/v2\/product\/2038"}],"collection":[{"href":"https:\/\/www.fezer.com.br\/fezerEnglish\/wp-json\/wp\/v2\/product"}],"about":[{"href":"https:\/\/www.fezer.com.br\/fezerEnglish\/wp-json\/wp\/v2\/types\/product"}],"wp:featuredmedia":[{"embeddable":true,"href":"https:\/\/www.fezer.com.br\/fezerEnglish\/wp-json\/wp\/v2\/media\/2045"}],"wp:attachment":[{"href":"https:\/\/www.fezer.com.br\/fezerEnglish\/wp-json\/wp\/v2\/media?parent=2038"}],"curies":[{"name":"wp","href":"https:\/\/api.w.org\/{rel}","templated":true}]}}