{"id":2047,"date":"2019-03-01T15:52:20","date_gmt":"2019-03-01T18:52:20","guid":{"rendered":"http:\/\/www.fezer.com.br\/fezerEnglish\/?post_type=product&#038;p=2047"},"modified":"2019-03-01T15:52:20","modified_gmt":"2019-03-01T18:52:20","slug":"tesoura-guilhotina-modelo-mg","status":"publish","type":"product","link":"https:\/\/www.fezer.com.br\/fezerEnglish\/produto\/tesoura-guilhotina-modelo-mg\/","title":{"rendered":"Tesoura Guilhotina Modelo &#8220;MG&#8221;"},"content":{"rendered":"","protected":false},"excerpt":{"rendered":"<h3>Tesoura Guilhotina Modelo &#8220;MG&#8221;<\/h3>\n<p><strong>Tesoura Guilhotina para Corte de L\u00e2minas em Pacotes, modelo &#8220;MG&#8221;<\/strong><\/p>\n<p>A Tesoura Guilhotina para Corte de L\u00e2minas em Pacotes foi projetada para cortar pacotes de l\u00e2minas de madeira, especialmente l\u00e2minas faqueadas. Trata-se de uma m\u00e1quina totalmente constru\u00edda em ferro fundido de primeira qualidade e usinada com precis\u00e3o em equipamentos de grande porte.<\/p>\n","protected":false},"featured_media":2048,"template":"","meta":[],"_links":{"self":[{"href":"https:\/\/www.fezer.com.br\/fezerEnglish\/wp-json\/wp\/v2\/product\/2047"}],"collection":[{"href":"https:\/\/www.fezer.com.br\/fezerEnglish\/wp-json\/wp\/v2\/product"}],"about":[{"href":"https:\/\/www.fezer.com.br\/fezerEnglish\/wp-json\/wp\/v2\/types\/product"}],"wp:featuredmedia":[{"embeddable":true,"href":"https:\/\/www.fezer.com.br\/fezerEnglish\/wp-json\/wp\/v2\/media\/2048"}],"wp:attachment":[{"href":"https:\/\/www.fezer.com.br\/fezerEnglish\/wp-json\/wp\/v2\/media?parent=2047"}],"curies":[{"name":"wp","href":"https:\/\/api.w.org\/{rel}","templated":true}]}}