{"id":2056,"date":"2019-03-01T15:53:48","date_gmt":"2019-03-01T18:53:48","guid":{"rendered":"http:\/\/www.fezer.com.br\/fezerEnglish\/?post_type=product&#038;p=2056"},"modified":"2019-03-01T15:53:48","modified_gmt":"2019-03-01T18:53:48","slug":"tesoura-guilhotina-modelo-mga","status":"publish","type":"product","link":"https:\/\/www.fezer.com.br\/fezerEnglish\/produto\/tesoura-guilhotina-modelo-mga\/","title":{"rendered":"Tesoura Guilhotina Modelo &#8220;MGA&#8221;"},"content":{"rendered":"","protected":false},"excerpt":{"rendered":"<h3>Tesoura Guilhotina Modelo &#8220;MGA&#8221;<\/h3>\n<p><strong>Tesoura Guilhotina para Corte de L\u00e2minas de Madeira, modelo &#8220;MGA&#8221;<\/strong><\/p>\n<p>A Tesoura Guilhotina para Corte de L\u00e2minas em Madeira \u00e9 destinada especificamente ao corte manual de l\u00e2minas torneadas. O acionamento da faca \u00e9 efetuado por um cilindro pneum\u00e1tico comandado por pedal.<\/p>\n","protected":false},"featured_media":2059,"template":"","meta":[],"_links":{"self":[{"href":"https:\/\/www.fezer.com.br\/fezerEnglish\/wp-json\/wp\/v2\/product\/2056"}],"collection":[{"href":"https:\/\/www.fezer.com.br\/fezerEnglish\/wp-json\/wp\/v2\/product"}],"about":[{"href":"https:\/\/www.fezer.com.br\/fezerEnglish\/wp-json\/wp\/v2\/types\/product"}],"wp:featuredmedia":[{"embeddable":true,"href":"https:\/\/www.fezer.com.br\/fezerEnglish\/wp-json\/wp\/v2\/media\/2059"}],"wp:attachment":[{"href":"https:\/\/www.fezer.com.br\/fezerEnglish\/wp-json\/wp\/v2\/media?parent=2056"}],"curies":[{"name":"wp","href":"https:\/\/api.w.org\/{rel}","templated":true}]}}