{"id":2073,"date":"2019-03-01T15:57:51","date_gmt":"2019-03-01T18:57:51","guid":{"rendered":"http:\/\/www.fezer.com.br\/fezerEnglish\/?post_type=product&#038;p=2073"},"modified":"2019-03-01T15:57:51","modified_gmt":"2019-03-01T18:57:51","slug":"trim-and-tape","status":"publish","type":"product","link":"https:\/\/www.fezer.com.br\/fezerEnglish\/produto\/trim-and-tape\/","title":{"rendered":"&#8220;Trim and Tape&#8221;"},"content":{"rendered":"","protected":false},"excerpt":{"rendered":"<h3>&#8220;Trim and Tape&#8221;<\/h3>\n<p><strong>&#8220;Trim and Tape&#8221; para aplica\u00e7\u00e3o de fita e corte das bordas da l\u00e2mina juntada<\/strong><\/p>\n<p>Juntadeira para l\u00e2minas decorativas com sistema de alimenta\u00e7\u00e3o e pr\u00e9-alimenta\u00e7\u00e3o autom\u00e1tica das folhas. Pode trabalhar com jun\u00e7\u00e3o forma cont\u00ednua com corte da capa por meio de guilhotina pneum\u00e1tica ou ainda trabalhar com n\u00famero de jun\u00e7\u00f5es programadas.<\/p>\n<p>Possui tr\u00eas tipos de sistema de descarga de capas, podendo ser descarga manual em mesa fixa, com empilhador autom\u00e1tico ou com unidade de corte de bordas e aplica\u00e7\u00e3o de fita<\/p>\n","protected":false},"featured_media":2077,"template":"","meta":[],"_links":{"self":[{"href":"https:\/\/www.fezer.com.br\/fezerEnglish\/wp-json\/wp\/v2\/product\/2073"}],"collection":[{"href":"https:\/\/www.fezer.com.br\/fezerEnglish\/wp-json\/wp\/v2\/product"}],"about":[{"href":"https:\/\/www.fezer.com.br\/fezerEnglish\/wp-json\/wp\/v2\/types\/product"}],"wp:featuredmedia":[{"embeddable":true,"href":"https:\/\/www.fezer.com.br\/fezerEnglish\/wp-json\/wp\/v2\/media\/2077"}],"wp:attachment":[{"href":"https:\/\/www.fezer.com.br\/fezerEnglish\/wp-json\/wp\/v2\/media?parent=2073"}],"curies":[{"name":"wp","href":"https:\/\/api.w.org\/{rel}","templated":true}]}}