{"id":2124,"date":"2019-03-01T16:06:22","date_gmt":"2019-03-01T19:06:22","guid":{"rendered":"http:\/\/www.fezer.com.br\/fezerEnglish\/?post_type=product&#038;p=2124"},"modified":"2019-03-01T16:06:22","modified_gmt":"2019-03-01T19:06:22","slug":"descascador-modelo-da","status":"publish","type":"product","link":"https:\/\/www.fezer.com.br\/fezerEnglish\/produto\/descascador-modelo-da\/","title":{"rendered":"Descascador modelo DA"},"content":{"rendered":"","protected":false},"excerpt":{"rendered":"<h3>Descascador modelo DA<\/h3>\n<p>Descascador modelo DA, cabe\u00e7ote descascador m\u00f3vel, carro porta toras estacion\u00e1rio, para trabalho em linha com sistema de correntes de transporte.<\/p>\n","protected":false},"featured_media":2125,"template":"","meta":[],"_links":{"self":[{"href":"https:\/\/www.fezer.com.br\/fezerEnglish\/wp-json\/wp\/v2\/product\/2124"}],"collection":[{"href":"https:\/\/www.fezer.com.br\/fezerEnglish\/wp-json\/wp\/v2\/product"}],"about":[{"href":"https:\/\/www.fezer.com.br\/fezerEnglish\/wp-json\/wp\/v2\/types\/product"}],"wp:featuredmedia":[{"embeddable":true,"href":"https:\/\/www.fezer.com.br\/fezerEnglish\/wp-json\/wp\/v2\/media\/2125"}],"wp:attachment":[{"href":"https:\/\/www.fezer.com.br\/fezerEnglish\/wp-json\/wp\/v2\/media?parent=2124"}],"curies":[{"name":"wp","href":"https:\/\/api.w.org\/{rel}","templated":true}]}}