{"id":2137,"date":"2019-03-01T16:10:40","date_gmt":"2019-03-01T19:10:40","guid":{"rendered":"http:\/\/www.fezer.com.br\/fezerEnglish\/?post_type=product&#038;p=2137"},"modified":"2019-03-01T16:10:40","modified_gmt":"2019-03-01T19:10:40","slug":"captador-de-laminas-secas-a-vacuo","status":"publish","type":"product","link":"https:\/\/www.fezer.com.br\/fezerEnglish\/produto\/captador-de-laminas-secas-a-vacuo\/","title":{"rendered":"Captador de L\u00e2minas Secas a V\u00e1cuo"},"content":{"rendered":"<p><iframe loading=\"lazy\" src=\"https:\/\/www.youtube.com\/embed\/f4NFV1ZbPgA\" width=\"560\" height=\"315\" frameborder=\"0\" allowfullscreen=\"allowfullscreen\"><\/iframe><\/p>\n","protected":false},"excerpt":{"rendered":"<h3>Captador de L\u00e2minas Secas a V\u00e1cuo<\/h3>\n<p>Desenvolvido para suc\u00e7\u00e3o de l\u00e2minas a v\u00e1cuo a partir de pilhas existentes, com o prop\u00f3sito de introduzi-las em linhas de processamento, tais como classifica\u00e7\u00e3o autom\u00e1tica de l\u00e2minas com scanner para defeitos e umidade, ou para sistemas de montagem de pain\u00e9is autom\u00e1ticos.<\/p>\n","protected":false},"featured_media":2140,"template":"","meta":[],"_links":{"self":[{"href":"https:\/\/www.fezer.com.br\/fezerEnglish\/wp-json\/wp\/v2\/product\/2137"}],"collection":[{"href":"https:\/\/www.fezer.com.br\/fezerEnglish\/wp-json\/wp\/v2\/product"}],"about":[{"href":"https:\/\/www.fezer.com.br\/fezerEnglish\/wp-json\/wp\/v2\/types\/product"}],"wp:featuredmedia":[{"embeddable":true,"href":"https:\/\/www.fezer.com.br\/fezerEnglish\/wp-json\/wp\/v2\/media\/2140"}],"wp:attachment":[{"href":"https:\/\/www.fezer.com.br\/fezerEnglish\/wp-json\/wp\/v2\/media?parent=2137"}],"curies":[{"name":"wp","href":"https:\/\/api.w.org\/{rel}","templated":true}]}}