{"id":2144,"date":"2019-03-01T16:12:36","date_gmt":"2019-03-01T19:12:36","guid":{"rendered":"http:\/\/www.fezer.com.br\/fezerEnglish\/?post_type=product&#038;p=2144"},"modified":"2019-03-01T16:12:36","modified_gmt":"2019-03-01T19:12:36","slug":"virador-de-pacotes-de-laminas-modelo-vp","status":"publish","type":"product","link":"https:\/\/www.fezer.com.br\/fezerEnglish\/produto\/virador-de-pacotes-de-laminas-modelo-vp\/","title":{"rendered":"Virador de Pacotes de L\u00e2minas, modelo &#8220;VP&#8221;"},"content":{"rendered":"","protected":false},"excerpt":{"rendered":"<h3>Virador de Pacotes de L\u00e2minas, modelo &#8220;VP&#8221;<\/h3>\n<p>O Virador de Pacotes de L\u00e2minas \u00e9 constru\u00eddo com uma estrutura de a\u00e7o, com duas guias cil\u00edndricas que se ap\u00f3iam sobre um conjunto de roletes instalados sobre um chassis.<\/p>\n<p>A parte de recebimento do pacote \u00e9 dotada de roletes livres, para recebimento do pacote de l\u00e2minas sobre uma plataforma de compensado, para alimenta\u00e7\u00e3o manual. Uma pequena inclina\u00e7\u00e3o ajuda o movimento de alimenta\u00e7\u00e3o.<\/p>\n<p>Ap\u00f3s o pacote estar dentro do virador, um par de cilindros pneum\u00e1ticos aperta a plataforma colocada sobre o pacote, para fixar o mesmo durante o movimento de giro. Ap\u00f3s o giro, os cilindros pneum\u00e1ticos recuam para a posi\u00e7\u00e3o de repouso alinhando com a altura dos roletes de sa\u00edda do pacote.<\/p>\n","protected":false},"featured_media":2146,"template":"","meta":[],"_links":{"self":[{"href":"https:\/\/www.fezer.com.br\/fezerEnglish\/wp-json\/wp\/v2\/product\/2144"}],"collection":[{"href":"https:\/\/www.fezer.com.br\/fezerEnglish\/wp-json\/wp\/v2\/product"}],"about":[{"href":"https:\/\/www.fezer.com.br\/fezerEnglish\/wp-json\/wp\/v2\/types\/product"}],"wp:featuredmedia":[{"embeddable":true,"href":"https:\/\/www.fezer.com.br\/fezerEnglish\/wp-json\/wp\/v2\/media\/2146"}],"wp:attachment":[{"href":"https:\/\/www.fezer.com.br\/fezerEnglish\/wp-json\/wp\/v2\/media?parent=2144"}],"curies":[{"name":"wp","href":"https:\/\/api.w.org\/{rel}","templated":true}]}}