{"id":2151,"date":"2019-03-01T16:14:19","date_gmt":"2019-03-01T19:14:19","guid":{"rendered":"http:\/\/www.fezer.com.br\/fezerEnglish\/?post_type=product&#038;p=2151"},"modified":"2019-03-01T16:14:19","modified_gmt":"2019-03-01T19:14:19","slug":"linha-de-reparacao-de-paineis","status":"publish","type":"product","link":"https:\/\/www.fezer.com.br\/fezerEnglish\/produto\/linha-de-reparacao-de-paineis\/","title":{"rendered":"Linha de Repara\u00e7\u00e3o de Pain\u00e9is"},"content":{"rendered":"","protected":false},"excerpt":{"rendered":"<h3>Linha de Repara\u00e7\u00e3o de Pain\u00e9is<\/h3>\n<p>Linha de repara\u00e7\u00e3o de pain\u00e9is, com alimentador autom\u00e1tico e virador de chapa, para automatizar o processo de aplica\u00e7\u00e3o de massa, com vantagens de produtividade e ergonomia.<\/p>\n","protected":false},"featured_media":2157,"template":"","meta":[],"_links":{"self":[{"href":"https:\/\/www.fezer.com.br\/fezerEnglish\/wp-json\/wp\/v2\/product\/2151"}],"collection":[{"href":"https:\/\/www.fezer.com.br\/fezerEnglish\/wp-json\/wp\/v2\/product"}],"about":[{"href":"https:\/\/www.fezer.com.br\/fezerEnglish\/wp-json\/wp\/v2\/types\/product"}],"wp:featuredmedia":[{"embeddable":true,"href":"https:\/\/www.fezer.com.br\/fezerEnglish\/wp-json\/wp\/v2\/media\/2157"}],"wp:attachment":[{"href":"https:\/\/www.fezer.com.br\/fezerEnglish\/wp-json\/wp\/v2\/media?parent=2151"}],"curies":[{"name":"wp","href":"https:\/\/api.w.org\/{rel}","templated":true}]}}