{"id":2162,"date":"2019-03-01T16:17:42","date_gmt":"2019-03-01T19:17:42","guid":{"rendered":"http:\/\/www.fezer.com.br\/fezerEnglish\/?post_type=product&#038;p=2162"},"modified":"2019-03-01T16:17:42","modified_gmt":"2019-03-01T19:17:42","slug":"picador-a-tambor-modelo-pc","status":"publish","type":"product","link":"https:\/\/www.fezer.com.br\/fezerEnglish\/produto\/picador-a-tambor-modelo-pc\/","title":{"rendered":"Picador a Tambor, modelo &#8220;PC&#8221;"},"content":{"rendered":"<p><strong>Principais caracter\u00edsticas:<\/strong><\/p>\n<ul>\n<li>Equipamento robusto, adequado ao trabalho severo e em regime cont\u00ednuo;<\/li>\n<li>Sistema de corte com dois contra-facas, um principal e um secund\u00e1rio para repicar material sobre-dimensionado;<\/li>\n<li>Peneira de sa\u00edda de cavacos para garantir maior homogeneidade de tamanho;<\/li>\n<li>Rolos tracionadores dentados para permitir uma alimenta\u00e7\u00e3o eficiente do material a ser picado e temperados de modo a garantir resist\u00eancia ao desgaste;<\/li>\n<li>Rolo prensador superior, especialmente utilizado para materiais de grande volume como galhos ou cascas (opcional);<\/li>\n<li>Mesa de alimenta\u00e7\u00e3o com correia transportadora;<\/li>\n<li>Detector de metal tipo t\u00fanel de alta sensibilidade (opcional);<\/li>\n<li>Sistema autom\u00e1tico de controle de alimenta\u00e7\u00e3o que p\u00e1ra a correia em caso de sobrecarga e retorna automaticamente a velocidade de trabalho.<\/li>\n<\/ul>\n","protected":false},"excerpt":{"rendered":"<h3>Picador a Tambor, modelo &#8220;PC&#8221;<\/h3>\n<p>O picador a tambor \u00e9 um equipamento extremamente robusto utilizado para triturar os mais variados tipos de material, incluindo materiais roli\u00e7os (toras, roletes, galhos), res\u00edduos de madeira como costaneiras, refilos ou destopos, l\u00e2minas ou pontas de toras. Sua forma construtiva e robustez garantem confiabilidade e longa vida \u00fatil do equipamento em regime de trabalho cont\u00ednuo.<\/p>\n","protected":false},"featured_media":2165,"template":"","meta":[],"_links":{"self":[{"href":"https:\/\/www.fezer.com.br\/fezerEnglish\/wp-json\/wp\/v2\/product\/2162"}],"collection":[{"href":"https:\/\/www.fezer.com.br\/fezerEnglish\/wp-json\/wp\/v2\/product"}],"about":[{"href":"https:\/\/www.fezer.com.br\/fezerEnglish\/wp-json\/wp\/v2\/types\/product"}],"wp:featuredmedia":[{"embeddable":true,"href":"https:\/\/www.fezer.com.br\/fezerEnglish\/wp-json\/wp\/v2\/media\/2165"}],"wp:attachment":[{"href":"https:\/\/www.fezer.com.br\/fezerEnglish\/wp-json\/wp\/v2\/media?parent=2162"}],"curies":[{"name":"wp","href":"https:\/\/api.w.org\/{rel}","templated":true}]}}