{"id":2182,"date":"2019-03-01T16:25:27","date_gmt":"2019-03-01T19:25:27","guid":{"rendered":"http:\/\/www.fezer.com.br\/fezerEnglish\/?post_type=product&#038;p=2182"},"modified":"2019-03-01T16:25:27","modified_gmt":"2019-03-01T19:25:27","slug":"rodochipper-7120-e-10120","status":"publish","type":"product","link":"https:\/\/www.fezer.com.br\/fezerEnglish\/produto\/rodochipper-7120-e-10120\/","title":{"rendered":"Rodochipper 7120 e 10120"},"content":{"rendered":"<p><strong>VERSATILIDADE &#8211;\u00a0<\/strong>para processar uma ampla gama de \u00ad\u00admateriais, desde \u00e1rvores inteiras, toras de eucalipto, res\u00edduos \u00adflorestais e \u00adurbanos e \u00e1rvores frut\u00edferas provenientes de erradica\u00e7\u00e3o de \u00adpomares. O sistema de alimenta\u00e7\u00e3o \u00e9 composto por uma \u00adesteira \u00admet\u00e1lica de alta resist\u00eancia com largura de 1,2m e um rolo \u00adprensador de grande di\u00e2metro que permite grande \u00adaltura de abertura de boca garantindo efici\u00eancia de alimenta\u00e7\u00e3o\u00ad \u00adqual\u00ad\u00adquer que seja o material processado. Destacamos \u00adneste \u00adpicador a \u00adcapacidade de processar laranjeiras inteiras com \u00adra\u00edzes e galhos que excedem 4m de uma ponta a outra, as \u00e1rvores s\u00e3o \u00adalimentadas de forma continua e picadas em segundos, \u00adconvertendo um \u00adpassivo ambiental da erradica\u00e7\u00e3o da lavoura em lucro atrav\u00e9s da convers\u00e3o em cavacos para biomassa.<\/p>\n<p><strong>RAPIDEZ &#8211;<\/strong>\u00a0para movimenta\u00e7\u00e3o dentro da floresta e \u00ad\u00adtransporte para mudan\u00e7as de \u00e1rea. A m\u00e1quina \u00e9 \u00admontada sobre \u00adc\u00adhassi rodovi\u00e1rio, emplacado de f\u00e1brica e \u00adhomologado pelo \u00adDetran. Na floresta pode ser puxado por \u00adescavadeira com garra \u00adflorestal, tornando-se um comboio onde um \u00ad\u00fanico operador faz a movimenta\u00e7\u00e3o e alimenta\u00e7\u00e3o do \u00adpicador. O reboque tipo \u201cjulieta\u201d garante mais estabilidade ao \u00adconjunto quando est\u00e1 em opera\u00e7\u00e3o e permite o transporte na \u00adrodovia puxado por caminh\u00e3o. Mudar de \u00e1rea nunca foi t\u00e3o simples, r\u00e1pido e seguro, sem necessidade de carreta para \u00adtransporte\u00ad \u00adespecial, carreta \u201cprancha\u201d ou remonta.<\/p>\n<p><strong>ALTA PRODU\u00c7\u00c3O &#8211;<\/strong>\u00a0com motor de 506 HP o \u00adRODOCHIPPER 7120 atinge capacidade superior a 200 m3 de \u00adcavacos\/h em m\u00e9dia com toras ou \u00e1rvores de eucalipto. N\u00e3o menos impressionante o Rodochipper 10120 al\u00e9m de processar toras mais grossas alcan\u00e7a produ\u00e7\u00f5es entre 240 &#8211; 250 m3\/h de cavacos. Este \u00adresultado \u00e9 obtido pela otimiza\u00e7\u00e3o da alimenta\u00e7\u00e3o e \u00adacelera\u00e7\u00e3o eletr\u00f4nica feita automaticamente por meio de controlador eletr\u00f4nico sem interfer\u00eancia do operador que apenas monitora o processo e pode intervir em caso de necessidade atrav\u00e9s de um controle remoto sem fio. A otimiza\u00e7\u00e3o do processo se converte em efici\u00eancia e \u00adlucratividade para nossos clientes.<\/p>\n<p><iframe loading=\"lazy\" src=\"https:\/\/www.youtube.com\/embed\/g92LbCxmzQM\" width=\"560\" height=\"315\" frameborder=\"0\" allowfullscreen=\"allowfullscreen\"><\/iframe><\/p>\n<p><iframe loading=\"lazy\" src=\"https:\/\/www.youtube.com\/embed\/Lt7V223Eask\" width=\"560\" height=\"315\" frameborder=\"0\" allowfullscreen=\"allowfullscreen\"><\/iframe><\/p>\n","protected":false},"excerpt":{"rendered":"<h3>Rodochipper 7120 e 10120<\/h3>\n","protected":false},"featured_media":2186,"template":"","meta":[],"_links":{"self":[{"href":"https:\/\/www.fezer.com.br\/fezerEnglish\/wp-json\/wp\/v2\/product\/2182"}],"collection":[{"href":"https:\/\/www.fezer.com.br\/fezerEnglish\/wp-json\/wp\/v2\/product"}],"about":[{"href":"https:\/\/www.fezer.com.br\/fezerEnglish\/wp-json\/wp\/v2\/types\/product"}],"wp:featuredmedia":[{"embeddable":true,"href":"https:\/\/www.fezer.com.br\/fezerEnglish\/wp-json\/wp\/v2\/media\/2186"}],"wp:attachment":[{"href":"https:\/\/www.fezer.com.br\/fezerEnglish\/wp-json\/wp\/v2\/media?parent=2182"}],"curies":[{"name":"wp","href":"https:\/\/api.w.org\/{rel}","templated":true}]}}