{"id":2201,"date":"2019-03-01T16:27:24","date_gmt":"2019-03-01T19:27:24","guid":{"rendered":"http:\/\/www.fezer.com.br\/fezerEnglish\/?post_type=product&#038;p=2201"},"modified":"2019-03-01T16:27:24","modified_gmt":"2019-03-01T19:27:24","slug":"rodochipper-autocarregavel","status":"publish","type":"product","link":"https:\/\/www.fezer.com.br\/fezerEnglish\/produto\/rodochipper-autocarregavel\/","title":{"rendered":"Rodochipper Autocarreg\u00e1vel"},"content":{"rendered":"","protected":false},"excerpt":{"rendered":"<h3>Rodochipper Autocarreg\u00e1vel<\/h3>\n<p>Rodochipper Autocarreg\u00e1vel. Picador montado sobre reboque rodovi\u00e1rio e com grua florestal acoplada. Garante a flexibilidade de uma usina de cavaco port\u00e1til, podendo alimentar toras diretamente de caminh\u00f5es ou de p\u00e1tio de toras al\u00e9m de res\u00edduos florestais acumulados.<\/p>\n","protected":false},"featured_media":2202,"template":"","meta":[],"_links":{"self":[{"href":"https:\/\/www.fezer.com.br\/fezerEnglish\/wp-json\/wp\/v2\/product\/2201"}],"collection":[{"href":"https:\/\/www.fezer.com.br\/fezerEnglish\/wp-json\/wp\/v2\/product"}],"about":[{"href":"https:\/\/www.fezer.com.br\/fezerEnglish\/wp-json\/wp\/v2\/types\/product"}],"wp:featuredmedia":[{"embeddable":true,"href":"https:\/\/www.fezer.com.br\/fezerEnglish\/wp-json\/wp\/v2\/media\/2202"}],"wp:attachment":[{"href":"https:\/\/www.fezer.com.br\/fezerEnglish\/wp-json\/wp\/v2\/media?parent=2201"}],"curies":[{"name":"wp","href":"https:\/\/api.w.org\/{rel}","templated":true}]}}