{"id":2213,"date":"2019-03-01T16:32:50","date_gmt":"2019-03-01T19:32:50","guid":{"rendered":"http:\/\/www.fezer.com.br\/fezerEnglish\/?post_type=product&#038;p=2213"},"modified":"2019-03-01T16:32:51","modified_gmt":"2019-03-01T19:32:51","slug":"repicador-modelo-rtf","status":"publish","type":"product","link":"https:\/\/www.fezer.com.br\/fezerEnglish\/produto\/repicador-modelo-rtf\/","title":{"rendered":"Repicador, Modelo &#8220;RTF&#8221;"},"content":{"rendered":"<p><strong>Principais caracter\u00edsticas:<\/strong><\/p>\n<ul>\n<li>Equipamento robusto, adequado ao trabalho severo e em regime cont\u00ednuo;<\/li>\n<li>Sistema de corte com dois contra-facas, um principal e um secund\u00e1rio para repicar material sobre-dimensionado;<\/li>\n<li>Peneira de sa\u00edda de cavacos para garantir maior homogeneidade de tamanho;<\/li>\n<li>Alimenta\u00e7\u00e3o vertical por gravidade.<\/li>\n<\/ul>\n","protected":false},"excerpt":{"rendered":"<h3>Repicador, Modelo &#8220;RTF&#8221;<\/h3>\n<p>O repicador FEZER \u00e9 composto por um tambor de a\u00e7o sobre o qual est\u00e3o montadas as facas, um contra-faca principal assentado em uma mesa de a\u00e7o fixada a estrutura da m\u00e1quina. \u00c9 uma m\u00e1quina de grande versatilidade para picar uma grande variedade de materiais com pequenas dimens\u00f5es como pontas de toras, restos de l\u00e2minas, lascas, cascas, tocos, etc.<\/p>\n","protected":false},"featured_media":2214,"template":"","meta":[],"_links":{"self":[{"href":"https:\/\/www.fezer.com.br\/fezerEnglish\/wp-json\/wp\/v2\/product\/2213"}],"collection":[{"href":"https:\/\/www.fezer.com.br\/fezerEnglish\/wp-json\/wp\/v2\/product"}],"about":[{"href":"https:\/\/www.fezer.com.br\/fezerEnglish\/wp-json\/wp\/v2\/types\/product"}],"wp:featuredmedia":[{"embeddable":true,"href":"https:\/\/www.fezer.com.br\/fezerEnglish\/wp-json\/wp\/v2\/media\/2214"}],"wp:attachment":[{"href":"https:\/\/www.fezer.com.br\/fezerEnglish\/wp-json\/wp\/v2\/media?parent=2213"}],"curies":[{"name":"wp","href":"https:\/\/api.w.org\/{rel}","templated":true}]}}