{"id":2226,"date":"2019-03-01T16:39:03","date_gmt":"2019-03-01T19:39:03","guid":{"rendered":"http:\/\/www.fezer.com.br\/fezerEnglish\/?post_type=product&#038;p=2226"},"modified":"2019-03-01T16:39:03","modified_gmt":"2019-03-01T19:39:03","slug":"afiadoras-de-facas","status":"publish","type":"product","link":"https:\/\/www.fezer.com.br\/fezerEnglish\/produto\/afiadoras-de-facas\/","title":{"rendered":"Afiadoras de Facas"},"content":{"rendered":"<p><iframe loading=\"lazy\" src=\"https:\/\/www.youtube.com\/embed\/o9v8TBDfC3M\" width=\"560\" height=\"315\" frameborder=\"0\" allowfullscreen=\"allowfullscreen\"><\/iframe><\/p>\n<p><iframe loading=\"lazy\" src=\"https:\/\/www.youtube.com\/embed\/rSuPVs8oRD0\" width=\"560\" height=\"315\" frameborder=\"0\" allowfullscreen=\"allowfullscreen\"><\/iframe><\/p>\n","protected":false},"excerpt":{"rendered":"<h3>Afiadoras de Facas<\/h3>\n<p><strong>Afiadoras de facas com precis\u00e3o, com rebolo tipo copo, anel, ou segmentado.<\/strong><\/p>\n<p>Comprimento de 1,5 a 12 m, largura da mesa de 150 e 220 mm, fixa\u00e7\u00e3o eletromagn\u00e9tica, mec\u00e2nica ou pneum\u00e1tica, velocidade do carro vari\u00e1vel at\u00e9 30 m\/min, pot\u00eancia de rebolo de 7,5 a 15 HP com avan\u00e7o autom\u00e1tico program\u00e1vel mec\u00e2nico ou servo controlado, afia\u00e7\u00e3o c\u00f4ncava, cabe\u00e7otes auxiliares para afia\u00e7\u00e3o de perfis.<\/p>\n","protected":false},"featured_media":2228,"template":"","meta":[],"_links":{"self":[{"href":"https:\/\/www.fezer.com.br\/fezerEnglish\/wp-json\/wp\/v2\/product\/2226"}],"collection":[{"href":"https:\/\/www.fezer.com.br\/fezerEnglish\/wp-json\/wp\/v2\/product"}],"about":[{"href":"https:\/\/www.fezer.com.br\/fezerEnglish\/wp-json\/wp\/v2\/types\/product"}],"wp:featuredmedia":[{"embeddable":true,"href":"https:\/\/www.fezer.com.br\/fezerEnglish\/wp-json\/wp\/v2\/media\/2228"}],"wp:attachment":[{"href":"https:\/\/www.fezer.com.br\/fezerEnglish\/wp-json\/wp\/v2\/media?parent=2226"}],"curies":[{"name":"wp","href":"https:\/\/api.w.org\/{rel}","templated":true}]}}