{"id":2243,"date":"2019-03-01T16:42:18","date_gmt":"2019-03-01T19:42:18","guid":{"rendered":"http:\/\/www.fezer.com.br\/fezerEnglish\/?post_type=product&#038;p=2243"},"modified":"2019-03-01T16:42:18","modified_gmt":"2019-03-01T19:42:18","slug":"retificadoras-planas","status":"publish","type":"product","link":"https:\/\/www.fezer.com.br\/fezerEnglish\/produto\/retificadoras-planas\/","title":{"rendered":"Retificadoras Planas"},"content":{"rendered":"<p><iframe loading=\"lazy\" src=\"https:\/\/www.youtube.com\/embed\/rSuPVs8oRD0\" width=\"560\" height=\"315\" frameborder=\"0\" allowfullscreen=\"allowfullscreen\"><\/iframe><\/p>\n","protected":false},"excerpt":{"rendered":"<h3>Retificadoras Planas<\/h3>\n<p><strong>Retificadoras planas, com rebolo segmentado de 700 mm de di\u00e2metro, comprimento de 1,5 a 12m, largura da mesa de 220 e 250 mm, fixa\u00e7\u00e3o eletromagn\u00e9tica, mec\u00e2nica ou pneum\u00e1tica.<\/strong><\/p>\n<p>Velocidade do carro vari\u00e1vel at\u00e9 40 m\/min, pot\u00eancia de rebolo de at\u00e9 60 HP com avan\u00e7o autom\u00e1tico ou servo controlado, programa\u00e7\u00e3o autom\u00e1tica de quantidade e profundidade de passes, avan\u00e7o inicial autom\u00e1tico at\u00e9 encostar rebolo na pe\u00e7a, m\u00e1quinas duplas com duas linhas de mesas de fixa\u00e7\u00e3o, cabe\u00e7otes auxiliares para retifica\u00e7\u00e3o de perfis.<\/p>\n","protected":false},"featured_media":2244,"template":"","meta":[],"_links":{"self":[{"href":"https:\/\/www.fezer.com.br\/fezerEnglish\/wp-json\/wp\/v2\/product\/2243"}],"collection":[{"href":"https:\/\/www.fezer.com.br\/fezerEnglish\/wp-json\/wp\/v2\/product"}],"about":[{"href":"https:\/\/www.fezer.com.br\/fezerEnglish\/wp-json\/wp\/v2\/types\/product"}],"wp:featuredmedia":[{"embeddable":true,"href":"https:\/\/www.fezer.com.br\/fezerEnglish\/wp-json\/wp\/v2\/media\/2244"}],"wp:attachment":[{"href":"https:\/\/www.fezer.com.br\/fezerEnglish\/wp-json\/wp\/v2\/media?parent=2243"}],"curies":[{"name":"wp","href":"https:\/\/api.w.org\/{rel}","templated":true}]}}