{"id":2258,"date":"2019-03-01T16:44:34","date_gmt":"2019-03-01T19:44:34","guid":{"rendered":"http:\/\/www.fezer.com.br\/fezerEnglish\/?post_type=product&#038;p=2258"},"modified":"2019-03-01T16:44:34","modified_gmt":"2019-03-01T19:44:34","slug":"desfibradores-de-madeira-continuos-com-correntes","status":"publish","type":"product","link":"https:\/\/www.fezer.com.br\/fezerEnglish\/produto\/desfibradores-de-madeira-continuos-com-correntes\/","title":{"rendered":"Desfibradores de madeira cont\u00ednuos com correntes"},"content":{"rendered":"","protected":false},"excerpt":{"rendered":"<h3>Desfibradores de madeira cont\u00ednuos com correntes<\/h3>\n<p>Desfibradores de madeira cont\u00ednuos com correntes, de 1.000 a 3.000 HP, lavadores de madeira, sistemas autom\u00e1ticos de alimenta\u00e7\u00e3o para uma ou v\u00e1rias unidades em s\u00e9rie.<\/p>\n","protected":false},"featured_media":2261,"template":"","meta":[],"_links":{"self":[{"href":"https:\/\/www.fezer.com.br\/fezerEnglish\/wp-json\/wp\/v2\/product\/2258"}],"collection":[{"href":"https:\/\/www.fezer.com.br\/fezerEnglish\/wp-json\/wp\/v2\/product"}],"about":[{"href":"https:\/\/www.fezer.com.br\/fezerEnglish\/wp-json\/wp\/v2\/types\/product"}],"wp:featuredmedia":[{"embeddable":true,"href":"https:\/\/www.fezer.com.br\/fezerEnglish\/wp-json\/wp\/v2\/media\/2261"}],"wp:attachment":[{"href":"https:\/\/www.fezer.com.br\/fezerEnglish\/wp-json\/wp\/v2\/media?parent=2258"}],"curies":[{"name":"wp","href":"https:\/\/api.w.org\/{rel}","templated":true}]}}