{"id":2287,"date":"2019-03-01T16:50:16","date_gmt":"2019-03-01T19:50:16","guid":{"rendered":"http:\/\/www.fezer.com.br\/fezerEnglish\/?post_type=product&#038;p=2287"},"modified":"2019-03-01T16:50:16","modified_gmt":"2019-03-01T19:50:16","slug":"peneira-vibratoria-em-aco-inoxidavel-modelo-pv-244","status":"publish","type":"product","link":"https:\/\/www.fezer.com.br\/fezerEnglish\/produto\/peneira-vibratoria-em-aco-inoxidavel-modelo-pv-244\/","title":{"rendered":"Peneira vibrat\u00f3ria em a\u00e7o inoxid\u00e1vel, modelo PV-244"},"content":{"rendered":"","protected":false},"excerpt":{"rendered":"<h3>Peneira vibrat\u00f3ria em a\u00e7o inoxid\u00e1vel, modelo PV-244<\/h3>\n","protected":false},"featured_media":2289,"template":"","meta":[],"_links":{"self":[{"href":"https:\/\/www.fezer.com.br\/fezerEnglish\/wp-json\/wp\/v2\/product\/2287"}],"collection":[{"href":"https:\/\/www.fezer.com.br\/fezerEnglish\/wp-json\/wp\/v2\/product"}],"about":[{"href":"https:\/\/www.fezer.com.br\/fezerEnglish\/wp-json\/wp\/v2\/types\/product"}],"wp:featuredmedia":[{"embeddable":true,"href":"https:\/\/www.fezer.com.br\/fezerEnglish\/wp-json\/wp\/v2\/media\/2289"}],"wp:attachment":[{"href":"https:\/\/www.fezer.com.br\/fezerEnglish\/wp-json\/wp\/v2\/media?parent=2287"}],"curies":[{"name":"wp","href":"https:\/\/api.w.org\/{rel}","templated":true}]}}